{"id":6,"date":"2021-11-08T16:47:32","date_gmt":"2021-11-08T15:47:32","guid":{"rendered":"https:\/\/www.isw-sites.de\/greenretrotwin\/?page_id=6"},"modified":"2026-04-15T13:40:53","modified_gmt":"2026-04-15T11:40:53","slug":"home","status":"publish","type":"page","link":"https:\/\/www.isw-sites.de\/greenretrotwin\/","title":{"rendered":"Home"},"content":{"rendered":"\n<div class=\"wp-block-kioken-wrapper kt-wrapper__dc7f4a-8b mobile-header-container has-animator mb-0 mt-0\" data-object-id=\"_dc7f4a-8b\" data-anim-from=\"vertical\" data-anim-duration=\"0.8\" data-anim-distance=\"-100\" data-anim-delay=\"150\" data-anim-scale-x=\"1\" data-anim-scale-y=\"1\" data-anim-easing=\"easeInOut\" data-anim-effect=\"Cubic\"><div class=\"kt-inner\"><div class=\"kinetic has-no-padding has-no-margin\">\n<div class=\"mobile-header-title\"><img loading=\"lazy\" decoding=\"async\" class=\"title-logo\" src=\"https:\/\/www.isw-sites.de\/greenretrotwin\/wp-content\/uploads\/sites\/29\/2026\/03\/GreenRetroTwin-Logo.png\" width=\"75\" height=\"75\" \/>\r\n<div class=\"title-text\">GreenRetroTwin<\/div>\r\n<\/div>\n<\/div><\/div><\/div>\n\n\n\n<div class=\"wp-block-kioken-wrapper kt-wrapper__e608a7-21 header-background-mobile-wrapper\" data-object-id=\"_e608a7-21\"><div class=\"kt-inner\"><div class=\"kinetic has-no-padding has-no-margin\">\n<div class=\"wp-block-getwid-advanced-spacer header-background-mobile\" style=\"height: 100px\" aria-hidden=\"true\">\u00a0<\/div>\n<div class=\"kt-absolute-bg js-parallax has-background-image bg-no-repeat bg-center-center bg-cover bg-bustout-none\" style=\"background-image:url(https:\/\/www.isw-sites.de\/greenretrotwin\/wp-content\/uploads\/sites\/29\/2026\/04\/shutterstock_1341095657_PopTika_copyright.jpg)\"><\/div><\/div><\/div><\/div>\n\n\n\n<div class=\"wp-block-kioken-wrapper kt-wrapper__5be2be-56 desktop-header-container has-animator mb-0\" data-object-id=\"_5be2be-56\" data-anim-from=\"horizontal\" data-anim-duration=\"0.8\" data-anim-distance=\"-300\" data-anim-delay=\"150\" data-anim-scale-x=\"1\" data-anim-scale-y=\"1\" data-anim-easing=\"easeInOut\" data-anim-effect=\"Cubic\"><div class=\"kt-inner\"><div class=\"kinetic has-no-padding has-no-margin\">\n<div class=\"desktop-header-title\">\r\n<div class=\"title-text\">GreenRetroTwin<\/div>\r\n<img loading=\"lazy\" decoding=\"async\" class=\"title-logo\" src=\"https:\/\/www.isw-sites.de\/greenretrotwin\/wp-content\/uploads\/sites\/29\/2026\/03\/GreenRetroTwin-Logo.png\" width=\"137\" height=\"106\" \/><\/div>\n<\/div><\/div><\/div>\n\n\n\n<div class=\"wp-block-kioken-wrapper kt-wrapper__176407-19 header-background-wrapper\" data-object-id=\"_176407-19\"><div class=\"kt-inner\"><div class=\"kinetic has-no-padding has-no-margin\">\n<div class=\"wp-block-getwid-advanced-spacer header-background\" style=\"height: 100px\" aria-hidden=\"true\">\u00a0<\/div>\n<div class=\"kt-absolute-bg js-parallax has-background-image bg-no-repeat bg-center-center bg-cover bg-bustout-none\" style=\"background-image:url(https:\/\/www.isw-sites.de\/greenretrotwin\/wp-content\/uploads\/sites\/29\/2026\/04\/shutterstock_1341095657_PopTika_copyright.jpg)\"><\/div><\/div><\/div><\/div>\n\n\n\n<div class=\"wp-block-getwid-section custom-content-container alignfull alignfull\">\r\n<div class=\"wp-block-getwid-section__wrapper\">\r\n<div class=\"wp-block-getwid-section__inner-wrapper\">\r\n<div class=\"wp-block-getwid-section__background-holder\">\r\n<div class=\"wp-block-getwid-section__background\">\u00a0<\/div>\r\n<div class=\"wp-block-getwid-section__foreground\">\u00a0<\/div>\r\n<\/div>\r\n<div class=\"wp-block-getwid-section__content\">\r\n<div class=\"wp-block-getwid-section__inner-content\">\n<div class=\"wp-block-getwid-advanced-spacer\" style=\"height: 20px\" aria-hidden=\"true\">\u00a0<\/div>\n\r\n\r\n<div class=\"wp-block-getwid-advanced-heading has-custom-font-size\" style=\"font-size: 4em\">\r\n<h1 class=\"wp-block-getwid-advanced-heading__content\" style=\"text-align: center;font-family: 'Montserrat';font-weight: normal\">GreenRetroTwin<\/h1>\r\n<\/div>\n\r\n\r\n<div class=\"wp-block-getwid-advanced-heading\">\r\n<h2 class=\"wp-block-getwid-advanced-heading__content\" style=\"text-align: center;font-weight: 300\">Digitalisierung von Bestandsmaschinen in RetroFit-Anlagen<br \/>zur F\u00f6rderung der industriellen Kreislaufwirtschaft<\/h2>\r\n<\/div>\n\r\n\r\n<div class=\"wp-block-kioken-spacer is-style-custom\" style=\"color: #999999;height: 50px\" data-darkreader-inline-color=\"\">\r\n<div class=\"spacer-inner-wrap kt_d_flex kt_flex_aligncenter kt_flex_justifycenter\">\u00a0<\/div>\r\n<hr \/><\/div>\n\r\n\r\n<div class=\"wp-block-kioken-rowlayout alignnone bust-out-none\">\r\n<div id=\"kt-layout-id_417c4b-33\" class=\"kio-row-layout-inner  kt-layout-id_417c4b-33\">\r\n<div class=\"kt-row-column-wrap kt-has-2-columns kt-gutter-default kt-row-valign-top kio-row-layout-equal kt-tab-layout-inherit kt-m-colapse-left-to-right kt-mobile-layout-row\">\n<div class=\"wp-block-kioken-column inner-column-1 kioken-column_ba7d2e-41\">\r\n<div class=\"kt-inside-inner-col\" style=\"background-blend-mode: normal\">\n<div class=\"wp-block-kioken-wrapper kt-wrapper__425f40-85 has-animator\" data-object-id=\"_425f40-85\" data-anim-from=\"horizontal\" data-anim-duration=\"1\" data-anim-distance=\"-100\" data-anim-delay=\"100\" data-anim-scale-x=\"1\" data-anim-scale-y=\"1\" data-anim-easing=\"easeInOut\" data-anim-effect=\"Cubic\">\r\n<div class=\"kt-inner\">\r\n<div class=\"kinetic has-no-padding has-no-margin\">\n<div class=\"wp-block-kioken-icon kt-svg-icons kt-svg-icons_83312a-b6 aligncenter custom-topmargin custom-bottommargin\" style=\"text-align: center;margin-top: 10px;margin-bottom: 10px\">\r\n<div class=\"kt-svg-style-default kt-svg-icon-wrap kt-svg-item-0\">\r\n<div class=\"kt-svg-icon kt-svg-icon-fe_shuffle\" style=\"justify-content: center;align-items: center;color: #444444\" data-darkreader-inline-color=\"\">[vc_icon icon_fontawesome=&#8220;fas fa-leaf&#8220; color=&#8220;custom&#8220; background_style=&#8220;rounded-less&#8220; align=&#8220;center&#8220; css=&#8220;&#8220; custom_color=&#8220;#026843&#8243;]<\/div>\r\n<\/div>\r\n<\/div>\n\r\n\r\n<div class=\"wp-block-getwid-advanced-heading has-custom-font-size\" style=\"font-size: 1.5em\">\r\n<h3 class=\"wp-block-getwid-advanced-heading__content\" style=\"text-align: center\">nachhaltig<\/h3>\r\n<\/div>\n\r\n\r\n<p class=\"has-text-align-center\">Reduzierung von Materialverbrauch und Engineeringaufwand durch Wiederverwendung von Bestandsmaschinen im Sinne der industriellen Kreislaufwirtschaft\u00a0<\/p>\r\n<p>&nbsp;<\/p>\n<\/div>\r\n<\/div>\r\n<\/div>\n<\/div>\r\n<\/div>\n\r\n\r\n<div class=\"wp-block-kioken-column inner-column-2 kioken-column_ad9305-c4\">\r\n<div class=\"kt-inside-inner-col\" style=\"background-blend-mode: normal\">\n<div class=\"wp-block-kioken-wrapper kt-wrapper__268831-b3 has-animator\" data-object-id=\"_268831-b3\" data-anim-from=\"horizontal\" data-anim-duration=\"1\" data-anim-distance=\"-300\" data-anim-delay=\"300\" data-anim-scale-x=\"1\" data-anim-scale-y=\"1\" data-anim-easing=\"easeInOut\" data-anim-effect=\"Cubic\">\r\n<div class=\"kt-inner\">\r\n<div class=\"kinetic has-no-padding has-no-margin\">\n<div class=\"wp-block-kioken-icon kt-svg-icons kt-svg-icons_727ea3-88 aligncenter custom-topmargin custom-bottommargin\" style=\"text-align: center;margin-top: 10px;margin-bottom: 10px\">\r\n<div class=\"kt-svg-style-default kt-svg-icon-wrap kt-svg-item-0\">\r\n<div class=\"kt-svg-icon kt-svg-icon-fe_move\" style=\"justify-content: center;align-items: center;color: #444444\" data-darkreader-inline-color=\"\">[vc_icon icon_fontawesome=&#8220;fas fa-hands-helping&#8220; color=&#8220;custom&#8220; background_style=&#8220;rounded-less&#8220; align=&#8220;center&#8220; css=&#8220;&#8220; custom_color=&#8220;#026843&#8243;]<\/div>\r\n<\/div>\r\n<\/div>\n\r\n\r\n<div class=\"wp-block-getwid-advanced-heading has-custom-font-size\" style=\"font-size: 1.5em\">\r\n<h3 class=\"wp-block-getwid-advanced-heading__content\" style=\"text-align: center\">standardisiert<\/h3>\r\n<\/div>\n\r\n\r\n<p class=\"has-text-align-center\">Semantische Harmonisierung historisch gewachsener Brownfield-Daten \u00fcber etablierte Standards wie AAS, Digital Product Passport und OPC UA f\u00fcr eine durchg\u00e4ngige digitale Prozesskette<\/p>\r\n<p>&nbsp;<\/p>\n<\/div>\r\n<\/div>\r\n<\/div>\n<\/div>\r\n<\/div>\n\r\n\r\n<div class=\"wp-block-kioken-column inner-column-3 kioken-column_f0c92f-61\">\r\n<div class=\"kt-inside-inner-col\" style=\"background-blend-mode: normal\">\n<div class=\"wp-block-kioken-wrapper kt-wrapper__265080-d1 has-animator\" data-object-id=\"_265080-d1\" data-anim-from=\"horizontal\" data-anim-duration=\"1\" data-anim-distance=\"-500\" data-anim-delay=\"500\" data-anim-scale-x=\"1\" data-anim-scale-y=\"1\" data-anim-easing=\"easeInOut\" data-anim-effect=\"Cubic\">\r\n<div class=\"kt-inner\">\r\n<div class=\"kinetic has-no-padding has-no-margin\">\n<div class=\"kt-svg-icon kt-svg-icon-fe_settings\" style=\"justify-content: center;align-items: center;color: #444444;--darkreader-inline-color: var(--darkreader-text-444444, #bdb7af);text-align: center\" data-darkreader-inline-color=\"\">[vc_icon icon_fontawesome=&#8220;fas fa-robot&#8220; color=&#8220;custom&#8220; background_style=&#8220;rounded-less&#8220; align=&#8220;center&#8220; css=&#8220;&#8220; custom_color=&#8220;#026843&#8243;]<\/div>\r\n<div data-darkreader-inline-color=\"\">\u00a0<\/div>\n\r\n\r\n<div class=\"wp-block-getwid-advanced-heading has-custom-font-size\" style=\"font-size: 1.5em\">\r\n<h3 class=\"wp-block-getwid-advanced-heading__content\" style=\"text-align: center\">automatisiert<\/h3>\r\n<\/div>\n\r\n\r\n<p class=\"has-text-align-center\">KI-gest\u00fctzte, automatisierte Generierung von Simulationsmodellen aus heterogenen Altdaten als Grundlage f\u00fcr den Digitalen Zwilling<\/p>\r\n<p>&nbsp;<\/p>\n<\/div>\r\n<\/div>\r\n<\/div>\n<\/div>\r\n<\/div>\n\r\n\r\n<div class=\"wp-block-kioken-column inner-column-4 kioken-column_a6e035-1f\">\r\n<div class=\"kt-inside-inner-col\" style=\"background-blend-mode: normal\">\n<div class=\"wp-block-kioken-wrapper kt-wrapper__de6d27-b6 has-animator\" data-object-id=\"_de6d27-b6\" data-anim-from=\"horizontal\" data-anim-duration=\"1\" data-anim-distance=\"-700\" data-anim-delay=\"700\" data-anim-scale-x=\"1\" data-anim-scale-y=\"1\" data-anim-easing=\"easeInOut\" data-anim-effect=\"Cubic\">\r\n<div class=\"kt-inner\">\r\n<div class=\"kinetic has-no-padding has-no-margin\">\n<div class=\"wp-block-kioken-icon kt-svg-icons kt-svg-icons_2b56fe-9a aligncenter custom-topmargin custom-bottommargin\" style=\"text-align: center;margin-top: 10px;margin-bottom: 10px\">\r\n<div class=\"kt-svg-style-default kt-svg-icon-wrap kt-svg-item-0\">\r\n<div class=\"kt-svg-icon kt-svg-icon-fe_trendingUp\" style=\"justify-content: center;align-items: center;color: #444444\" data-darkreader-inline-color=\"\">[vc_icon icon_fontawesome=&#8220;fas fa-desktop&#8220; color=&#8220;custom&#8220; background_style=&#8220;rounded-less&#8220; align=&#8220;center&#8220; css=&#8220;&#8220; custom_color=&#8220;#026843&#8243;]<\/div>\r\n<\/div>\r\n<\/div>\n\r\n\r\n<div class=\"wp-block-getwid-advanced-heading has-custom-font-size\" style=\"font-size: 1.5em\">\r\n<h3 class=\"wp-block-getwid-advanced-heading__content\" style=\"text-align: center\">virtuell erprobt<\/h3>\r\n<\/div>\n\r\n\r\n<p class=\"has-text-align-center\">Risikofreie Integration gebrauchter Maschinen in moderne, verkettete Produktionsanlagen durch virtuelle Inbetriebnahme<\/p>\n<\/div>\r\n<\/div>\r\n<\/div>\n<\/div>\r\n<\/div>\n<\/div>\r\n<\/div>\r\n<\/div>\n\r\n\r\n<div class=\"wp-block-getwid-advanced-spacer\" style=\"height: 50px\" aria-hidden=\"true\">\u00a0<\/div>\n\r\n\r\n<div class=\"wp-block-kioken-advancedbtn kt-btn-align-center kt-btns-wrap kt-btns_55cdfc-6b\">\r\n<div class=\"kt-btn-wrap kt-btn-wrap-0 \"><a class=\"kt-button kt-btn-0-action   kt-btn-svg-show-always kt-btn-has-text-true kt-btn-has-svg-false\" style=\"font-size: 24px;border-radius: 3px;border-width: 2px;padding-left: 40px;padding-right: 40px\" href=\"https:\/\/www.isw-sites.de\/greenretrotwin\/vision\/\"><span class=\"kt-btn-inner-text\">Mehr erfahren<\/span><\/a><\/div>\r\n<\/div>\n\r\n\r\n<div class=\"wp-block-getwid-advanced-spacer\" style=\"height: 50px\" aria-hidden=\"true\">\u00a0<\/div>\n\r\n\r\n<div class=\"wp-block-kioken-spacer is-style-line\" style=\"color: #999999;height: 50px\" data-darkreader-inline-color=\"\"><hr \/><\/div>\n\r\n\r\n<div class=\"wp-block-kioken-icon kt-svg-icons kt-svg-icons_0b30c6-46 aligncenter\" style=\"text-align: center\">\r\n<div class=\"kt-svg-style-default kt-svg-icon-wrap kt-svg-item-0\">\r\n<div class=\"kt-svg-icon kt-svg-icon-fa_linkedin-in\" style=\"justify-content: center;align-items: center;color: #444444\" data-darkreader-inline-color=\"\">\u00a0<\/div>\r\n<\/div>\r\n<\/div>\n\r\n\r\n<div class=\"wp-block-getwid-advanced-spacer\" style=\"height: 50px\" aria-hidden=\"true\">\u00a0<\/div>\n<\/div>\r\n<\/div>\r\n<\/div>\r\n<\/div>\r\n<\/div>\n\n\n\n<p>&nbsp;<\/p>\n","protected":false},"excerpt":{"rendered":"<p>\u00a0 \u00a0 \u00a0 GreenRetroTwin Digitalisierung von Bestandsmaschinen in RetroFit-Anlagenzur F\u00f6rderung der industriellen Kreislaufwirtschaft \u00a0 [vc_icon icon_fontawesome=&#8220;fas fa-leaf&#8220; color=&#8220;custom&#8220; background_style=&#8220;rounded-less&#8220; align=&#8220;center&#8220; css=&#8220;&#8220; custom_color=&#8220;#026843&#8243;] nachhaltig Reduzierung von Materialverbrauch und Engineeringaufwand durch Wiederverwendung von Bestandsmaschinen im Sinne der industriellen Kreislaufwirtschaft\u00a0 &nbsp; [vc_icon icon_fontawesome=&#8220;fas fa-hands-helping&#8220; color=&#8220;custom&#8220; background_style=&#8220;rounded-less&#8220; align=&#8220;center&#8220; css=&#8220;&#8220; custom_color=&#8220;#026843&#8243;] standardisiert Semantische Harmonisierung historisch gewachsener Brownfield-Daten \u00fcber etablierte Standards [&hellip;]<\/p>\n","protected":false},"author":210,"featured_media":0,"parent":0,"menu_order":0,"comment_status":"closed","ping_status":"closed","template":"","meta":{"kk_blocks_editor_width":"","_kiokenblocks_attr":"","_kiokenblocks_dimensions":"","footnotes":""},"class_list":["post-6","page","type-page","status-publish","hentry","entry"],"yoast_head":"<!-- This site is optimized with the Yoast SEO plugin v24.5 - https:\/\/yoast.com\/wordpress\/plugins\/seo\/ -->\n<title>Home - GreenRetroTwin<\/title>\n<meta name=\"description\" content=\"GreenRetroTwin: Digitalisierung von Bestandsmaschinen (Brownfield) in RetroFit-Anlagen zur F\u00f6rderung der industriellen Kreislaufwirtschaft.\" \/>\n<meta name=\"robots\" content=\"index, follow, max-snippet:-1, max-image-preview:large, max-video-preview:-1\" \/>\n<link rel=\"canonical\" href=\"https:\/\/www.greenretrotwin.de\/\" \/>\n<meta property=\"og:locale\" content=\"de_DE\" \/>\n<meta property=\"og:type\" content=\"article\" \/>\n<meta property=\"og:title\" content=\"Home - GreenRetroTwin\" \/>\n<meta property=\"og:description\" content=\"GreenRetroTwin: Digitalisierung von Bestandsmaschinen (Brownfield) in RetroFit-Anlagen zur F\u00f6rderung der industriellen Kreislaufwirtschaft.\" \/>\n<meta property=\"og:url\" content=\"https:\/\/www.greenretrotwin.de\/\" \/>\n<meta property=\"og:site_name\" content=\"GreenRetroTwin\" \/>\n<meta property=\"article:modified_time\" content=\"2026-04-15T11:40:53+00:00\" \/>\n<meta property=\"og:image\" content=\"https:\/\/www.isw-sites.de\/greenretrotwin\/wp-content\/uploads\/sites\/29\/2026\/03\/GreenRetroTwin-Logo.png\" \/>\n<meta name=\"twitter:card\" content=\"summary_large_image\" \/>\n<meta name=\"twitter:label1\" content=\"Gesch\u00e4tzte Lesezeit\" \/>\n\t<meta name=\"twitter:data1\" content=\"2\u00a0Minuten\" \/>\n<script type=\"application\/ld+json\" class=\"yoast-schema-graph\">{\"@context\":\"https:\/\/schema.org\",\"@graph\":[{\"@type\":\"WebPage\",\"@id\":\"https:\/\/www.greenretrotwin.de\/\",\"url\":\"https:\/\/www.greenretrotwin.de\/\",\"name\":\"Home - GreenRetroTwin\",\"isPartOf\":{\"@id\":\"https:\/\/www.greenretrotwin.de\/#website\"},\"primaryImageOfPage\":{\"@id\":\"https:\/\/www.greenretrotwin.de\/#primaryimage\"},\"image\":{\"@id\":\"https:\/\/www.greenretrotwin.de\/#primaryimage\"},\"thumbnailUrl\":\"https:\/\/www.isw-sites.de\/greenretrotwin\/wp-content\/uploads\/sites\/29\/2026\/03\/GreenRetroTwin-Logo.png\",\"datePublished\":\"2021-11-08T15:47:32+00:00\",\"dateModified\":\"2026-04-15T11:40:53+00:00\",\"description\":\"GreenRetroTwin: Digitalisierung von Bestandsmaschinen (Brownfield) in RetroFit-Anlagen zur F\u00f6rderung der industriellen Kreislaufwirtschaft.\",\"breadcrumb\":{\"@id\":\"https:\/\/www.greenretrotwin.de\/#breadcrumb\"},\"inLanguage\":\"de\",\"potentialAction\":[{\"@type\":\"ReadAction\",\"target\":[\"https:\/\/www.greenretrotwin.de\/\"]}]},{\"@type\":\"ImageObject\",\"inLanguage\":\"de\",\"@id\":\"https:\/\/www.greenretrotwin.de\/#primaryimage\",\"url\":\"https:\/\/www.isw-sites.de\/greenretrotwin\/wp-content\/uploads\/sites\/29\/2026\/03\/GreenRetroTwin-Logo.png\",\"contentUrl\":\"https:\/\/www.isw-sites.de\/greenretrotwin\/wp-content\/uploads\/sites\/29\/2026\/03\/GreenRetroTwin-Logo.png\",\"width\":461,\"height\":357},{\"@type\":\"BreadcrumbList\",\"@id\":\"https:\/\/www.greenretrotwin.de\/#breadcrumb\",\"itemListElement\":[{\"@type\":\"ListItem\",\"position\":1,\"name\":\"Startseite\",\"item\":\"https:\/\/www.greenretrotwin.de\/\"},{\"@type\":\"ListItem\",\"position\":2,\"name\":\"Home\"}]},{\"@type\":\"WebSite\",\"@id\":\"https:\/\/www.greenretrotwin.de\/#website\",\"url\":\"https:\/\/www.greenretrotwin.de\/\",\"name\":\"GreenRetroTwin\",\"description\":\"Digitalisierung von Bestandsmaschinen in RetroFit-Anlagen zur F\u00f6rderung der industriellen Kreislaufwirtschaft\",\"publisher\":{\"@id\":\"https:\/\/www.greenretrotwin.de\/#organization\"},\"potentialAction\":[{\"@type\":\"SearchAction\",\"target\":{\"@type\":\"EntryPoint\",\"urlTemplate\":\"https:\/\/www.greenretrotwin.de\/?s={search_term_string}\"},\"query-input\":{\"@type\":\"PropertyValueSpecification\",\"valueRequired\":true,\"valueName\":\"search_term_string\"}}],\"inLanguage\":\"de\"},{\"@type\":\"Organization\",\"@id\":\"https:\/\/www.greenretrotwin.de\/#organization\",\"name\":\"GreenRetroTwin\",\"url\":\"https:\/\/www.greenretrotwin.de\/\",\"logo\":{\"@type\":\"ImageObject\",\"inLanguage\":\"de\",\"@id\":\"https:\/\/www.greenretrotwin.de\/#\/schema\/logo\/image\/\",\"url\":\"https:\/\/www.isw-sites.de\/greenretrotwin\/wp-content\/uploads\/sites\/29\/2026\/03\/GreenRetroTwin-Logo-mit-Schriftzug.png\",\"contentUrl\":\"https:\/\/www.isw-sites.de\/greenretrotwin\/wp-content\/uploads\/sites\/29\/2026\/03\/GreenRetroTwin-Logo-mit-Schriftzug.png\",\"width\":3134,\"height\":618,\"caption\":\"GreenRetroTwin\"},\"image\":{\"@id\":\"https:\/\/www.greenretrotwin.de\/#\/schema\/logo\/image\/\"}}]}<\/script>\n<!-- \/ Yoast SEO plugin. -->","yoast_head_json":{"title":"Home - GreenRetroTwin","description":"GreenRetroTwin: Digitalisierung von Bestandsmaschinen (Brownfield) in RetroFit-Anlagen zur F\u00f6rderung der industriellen Kreislaufwirtschaft.","robots":{"index":"index","follow":"follow","max-snippet":"max-snippet:-1","max-image-preview":"max-image-preview:large","max-video-preview":"max-video-preview:-1"},"canonical":"https:\/\/www.greenretrotwin.de\/","og_locale":"de_DE","og_type":"article","og_title":"Home - GreenRetroTwin","og_description":"GreenRetroTwin: Digitalisierung von Bestandsmaschinen (Brownfield) in RetroFit-Anlagen zur F\u00f6rderung der industriellen Kreislaufwirtschaft.","og_url":"https:\/\/www.greenretrotwin.de\/","og_site_name":"GreenRetroTwin","article_modified_time":"2026-04-15T11:40:53+00:00","og_image":[{"url":"https:\/\/www.isw-sites.de\/greenretrotwin\/wp-content\/uploads\/sites\/29\/2026\/03\/GreenRetroTwin-Logo.png","type":"","width":"","height":""}],"twitter_card":"summary_large_image","twitter_misc":{"Gesch\u00e4tzte Lesezeit":"2\u00a0Minuten"},"schema":{"@context":"https:\/\/schema.org","@graph":[{"@type":"WebPage","@id":"https:\/\/www.greenretrotwin.de\/","url":"https:\/\/www.greenretrotwin.de\/","name":"Home - GreenRetroTwin","isPartOf":{"@id":"https:\/\/www.greenretrotwin.de\/#website"},"primaryImageOfPage":{"@id":"https:\/\/www.greenretrotwin.de\/#primaryimage"},"image":{"@id":"https:\/\/www.greenretrotwin.de\/#primaryimage"},"thumbnailUrl":"https:\/\/www.isw-sites.de\/greenretrotwin\/wp-content\/uploads\/sites\/29\/2026\/03\/GreenRetroTwin-Logo.png","datePublished":"2021-11-08T15:47:32+00:00","dateModified":"2026-04-15T11:40:53+00:00","description":"GreenRetroTwin: Digitalisierung von Bestandsmaschinen (Brownfield) in RetroFit-Anlagen zur F\u00f6rderung der industriellen Kreislaufwirtschaft.","breadcrumb":{"@id":"https:\/\/www.greenretrotwin.de\/#breadcrumb"},"inLanguage":"de","potentialAction":[{"@type":"ReadAction","target":["https:\/\/www.greenretrotwin.de\/"]}]},{"@type":"ImageObject","inLanguage":"de","@id":"https:\/\/www.greenretrotwin.de\/#primaryimage","url":"https:\/\/www.isw-sites.de\/greenretrotwin\/wp-content\/uploads\/sites\/29\/2026\/03\/GreenRetroTwin-Logo.png","contentUrl":"https:\/\/www.isw-sites.de\/greenretrotwin\/wp-content\/uploads\/sites\/29\/2026\/03\/GreenRetroTwin-Logo.png","width":461,"height":357},{"@type":"BreadcrumbList","@id":"https:\/\/www.greenretrotwin.de\/#breadcrumb","itemListElement":[{"@type":"ListItem","position":1,"name":"Startseite","item":"https:\/\/www.greenretrotwin.de\/"},{"@type":"ListItem","position":2,"name":"Home"}]},{"@type":"WebSite","@id":"https:\/\/www.greenretrotwin.de\/#website","url":"https:\/\/www.greenretrotwin.de\/","name":"GreenRetroTwin","description":"Digitalisierung von Bestandsmaschinen in RetroFit-Anlagen zur F\u00f6rderung der industriellen Kreislaufwirtschaft","publisher":{"@id":"https:\/\/www.greenretrotwin.de\/#organization"},"potentialAction":[{"@type":"SearchAction","target":{"@type":"EntryPoint","urlTemplate":"https:\/\/www.greenretrotwin.de\/?s={search_term_string}"},"query-input":{"@type":"PropertyValueSpecification","valueRequired":true,"valueName":"search_term_string"}}],"inLanguage":"de"},{"@type":"Organization","@id":"https:\/\/www.greenretrotwin.de\/#organization","name":"GreenRetroTwin","url":"https:\/\/www.greenretrotwin.de\/","logo":{"@type":"ImageObject","inLanguage":"de","@id":"https:\/\/www.greenretrotwin.de\/#\/schema\/logo\/image\/","url":"https:\/\/www.isw-sites.de\/greenretrotwin\/wp-content\/uploads\/sites\/29\/2026\/03\/GreenRetroTwin-Logo-mit-Schriftzug.png","contentUrl":"https:\/\/www.isw-sites.de\/greenretrotwin\/wp-content\/uploads\/sites\/29\/2026\/03\/GreenRetroTwin-Logo-mit-Schriftzug.png","width":3134,"height":618,"caption":"GreenRetroTwin"},"image":{"@id":"https:\/\/www.greenretrotwin.de\/#\/schema\/logo\/image\/"}}]}},"_links":{"self":[{"href":"https:\/\/www.isw-sites.de\/greenretrotwin\/wp-json\/wp\/v2\/pages\/6","targetHints":{"allow":["GET"]}}],"collection":[{"href":"https:\/\/www.isw-sites.de\/greenretrotwin\/wp-json\/wp\/v2\/pages"}],"about":[{"href":"https:\/\/www.isw-sites.de\/greenretrotwin\/wp-json\/wp\/v2\/types\/page"}],"author":[{"embeddable":true,"href":"https:\/\/www.isw-sites.de\/greenretrotwin\/wp-json\/wp\/v2\/users\/210"}],"replies":[{"embeddable":true,"href":"https:\/\/www.isw-sites.de\/greenretrotwin\/wp-json\/wp\/v2\/comments?post=6"}],"version-history":[{"count":48,"href":"https:\/\/www.isw-sites.de\/greenretrotwin\/wp-json\/wp\/v2\/pages\/6\/revisions"}],"predecessor-version":[{"id":547,"href":"https:\/\/www.isw-sites.de\/greenretrotwin\/wp-json\/wp\/v2\/pages\/6\/revisions\/547"}],"wp:attachment":[{"href":"https:\/\/www.isw-sites.de\/greenretrotwin\/wp-json\/wp\/v2\/media?parent=6"}],"curies":[{"name":"wp","href":"https:\/\/api.w.org\/{rel}","templated":true}]}}