{"id":6964,"date":"2017-12-05T11:27:36","date_gmt":"2017-12-05T11:27:36","guid":{"rendered":"https:\/\/keydesign-themes.com\/leadengine\/?page_id=3302"},"modified":"2023-12-22T11:08:27","modified_gmt":"2023-12-22T10:08:27","slug":"impressum","status":"publish","type":"page","link":"https:\/\/www.isw-sites.de\/sdm4fzi-kt-anmeldung\/impressum\/","title":{"rendered":"Impressum"},"content":{"rendered":"<div class=\"wpb-content-wrapper\"><p>[vc_row][vc_column offset=&#8220;vc_hidden-lg vc_hidden-md&#8220;][vc_empty_space height=&#8220;50px&#8220;][\/vc_column][\/vc_row][vc_row][vc_column css=&#8220;.vc_custom_1519904242668{padding-right: 25px !important;}&#8220; offset=&#8220;vc_col-lg-8 vc_col-md-12 vc_col-xs-12&#8243;][vc_column_text css=&#8220;.vc_custom_1669364644582{margin-top: 40px !important;}&#8220;]<\/p>\n<div id=\"imprint\" class=\"bg-gray-lighter\">\n<section class=\"content \">\n<h2>Impressum<\/h2>\n<h3>Angaben gem\u00e4\u00df \u00a7 5 TMG:<\/h3>\n<p>FISW Forschungs- und Ingenieurgesellschaft f\u00fcr Steuerungstechnik GmbH (FISW GmbH)<\/p>\n<p>Vertretungsberechtigter Gesch\u00e4ftsf\u00fchrer<br \/>\nDipl.-Ing. Michael Seyfarth<\/p>\n<p>Kriegsbergstr. 34, 70174 Stuttgart<\/p>\n<p>Telefon: +49 (0)711 \/ 22992 64<\/p>\n<p>E-Mail: <a href=\"mailto:webmaster@fisw.de\">webmaster@fisw.de<\/a><\/p>\n<h3>Umsatzsteuer-Identifikationsnummer gem\u00e4\u00df \u00a727 a Umsatzsteuergesetz:<\/h3>\n<p>DE147857128<\/p>\n<h3>Handelsregistereintrag:<\/h3>\n<p>Registernummer: HRB 9691<\/p>\n<p>Amtsgericht Stuttgart<\/p>\n<h3>Hinweis auf EU-Streitschlichtung<\/h3>\n<p>Die Europ\u00e4ische Kommission stellt eine Plattform zur Online-Streitbeilegung (OS) bereit: http:\/\/ec.europa.eu\/consumers\/odr<\/p>\n<\/section>\n<\/div>\n<h3>Copyright<\/h3>\n<p>S\u00e4mtliche Inhalte, Texte, Bilder, Grafiken, Audio- und Videofiles auf der Website der FISW GmbH unterliegen dem Schutz des Urheberrechts und anderer Schutzgesetzen. Der Inhalt der Websites darf nicht zu kommerziellen Zwecken kopiert, verbreitet, ver\u00e4ndert oder Dritten zug\u00e4nglich gemacht werden. Jede Form der Nutzung oder Verwertung der oben genannten Inhalte ohne vorherige schriftliche Zustimmung des Urhebers ist untersagt<\/p>\n<p>\u00a9 Copyright 2020 \u2013 Universit\u00e4t Stuttgart ISW<\/p>\n<h3>Hinweis zu externen Inhalten und Links<\/h3>\n<p>Trotz sorgf\u00e4ltiger inhaltlicher Kontrolle \u00fcbernimmt die FISW GmbH keine Haftung f\u00fcr die Inhalte externer Links. Durch den als Link aufrufbaren Querverweis wird lediglich Zugang zu \u201efremden\u201c Inhalten vermittelt. Wir erkl\u00e4ren ausdr\u00fccklich, dass wir keinen Einfluss auf die Gestaltung und Inhalte der verlinkten Seite haben. F\u00fcr den Inhalt der verlinkten Seiten sind ausschlie\u00dflich deren Betreiber verantwortlich.<\/p>\n<h3>Datenschutz<\/h3>\n<p>Einer Nutzung der im Rahmen des Impressums oder vergleichbarer Angaben ver\u00f6ffentlichten Kontaktdaten wie Postanschriften, Telefon- oder Faxnummern sowie E-Mail-Adressen durch Dritte zur \u00dcbersendung von nicht ausdr\u00fccklich angeforderten Informationen wird ausdr\u00fccklich widersprochen.<br \/>\nIm \u00dcbrigen wird auf die gesondert auf dieser Website hinterlegte <a href=\"https:\/\/www.isw-sites.de\/sdm4fzi-kt-anmeldung\/datenschutz\/\">Datenschutzerkl\u00e4rung<\/a> verwiesen.<\/p>\n<h3>Haftungshinweise<\/h3>\n<p>Die Inhalte der Website der FISW GmbH wurden mit gr\u00f6\u00dftm\u00f6glicher Sorgfalt zusammengestellt und wurden sorgf\u00e4ltig gepr\u00fcft. Dennoch kann keine Gew\u00e4hr f\u00fcr die Fehlerfreiheit der enthaltenen Informationen \u00fcbernommen werden. Irrtum und \u00c4nderungen bleiben vorbehalten.<br \/>\nJegliche Haftung f\u00fcr Sach- und Verm\u00f6genssch\u00e4den, die direkt oder indirekt aus der Benutzung dieser Website entstehen, wird ausgeschlossen, soweit diese nicht auf Vorsatz oder grobe Fahrl\u00e4ssigkeit zur\u00fcckzuf\u00fchren ist.<\/p>\n<p>Stand: November 2022[\/vc_column_text][\/vc_column][\/vc_row][vc_row][vc_column]<noscript class=\"ninja-forms-noscript-message\">\n\tHinweis: F\u00fcr diesen Inhalt ist JavaScript erforderlich.<\/noscript>\nDieses Formular wird gerade \u00fcberarbeitet. Bitte versuchen Sie es sp\u00e4ter nochmals.[\/vc_column][\/vc_row][vc_row][vc_column][\/vc_column][\/vc_row]<\/p>\n<\/div>","protected":false},"excerpt":{"rendered":"<p>[vc_row][vc_column offset=&#8220;vc_hidden-lg vc_hidden-md&#8220;][vc_empty_space height=&#8220;50px&#8220;][\/vc_column][\/vc_row][vc_row][vc_column css=&#8220;.vc_custom_1519904242668{padding-right: 25px !important;}&#8220; offset=&#8220;vc_col-lg-8 vc_col-md-12 vc_col-xs-12&#8243;][vc_column_text css=&#8220;.vc_custom_1669364644582{margin-top: 40px !important;}&#8220;] Impressum Angaben gem\u00e4\u00df \u00a7 5 TMG: FISW Forschungs- und Ingenieurgesellschaft f\u00fcr Steuerungstechnik GmbH (FISW GmbH) Vertretungsberechtigter Gesch\u00e4ftsf\u00fchrer Dipl.-Ing. Michael Seyfarth Kriegsbergstr. 34, 70174 Stuttgart Telefon: +49 (0)711 \/ 22992 64 E-Mail: webmaster@fisw.de Umsatzsteuer-Identifikationsnummer gem\u00e4\u00df \u00a727 a Umsatzsteuergesetz: DE147857128 Handelsregistereintrag: Registernummer: HRB 9691 &hellip;<\/p>\n","protected":false},"author":14,"featured_media":6916,"parent":0,"menu_order":0,"comment_status":"closed","ping_status":"closed","template":"","meta":{"kk_blocks_editor_width":"","_kiokenblocks_attr":"","_kiokenblocks_dimensions":"","footnotes":""},"class_list":["post-6964","page","type-page","status-publish","has-post-thumbnail","hentry"],"yoast_head":"<!-- This site is optimized with the Yoast SEO plugin v24.5 - https:\/\/yoast.com\/wordpress\/plugins\/seo\/ -->\n<title>Impressum - SDM4FZI Anmeldung zum Konsortialtreffen 22.+23.02.2024<\/title>\n<meta name=\"robots\" content=\"index, follow, max-snippet:-1, max-image-preview:large, max-video-preview:-1\" \/>\n<link rel=\"canonical\" href=\"https:\/\/www.isw-sites.de\/sdm4fzi-kt-anmeldung\/impressum\/\" \/>\n<meta property=\"og:locale\" content=\"de_DE\" \/>\n<meta property=\"og:type\" content=\"article\" \/>\n<meta property=\"og:title\" content=\"Impressum - SDM4FZI Anmeldung zum Konsortialtreffen 22.+23.02.2024\" \/>\n<meta property=\"og:description\" content=\"[vc_row][vc_column offset=&#8220;vc_hidden-lg vc_hidden-md&#8220;][vc_empty_space height=&#8220;50px&#8220;][\/vc_column][\/vc_row][vc_row][vc_column css=&#8220;.vc_custom_1519904242668{padding-right: 25px !important;}&#8220; offset=&#8220;vc_col-lg-8 vc_col-md-12 vc_col-xs-12&#8243;][vc_column_text css=&#8220;.vc_custom_1669364644582{margin-top: 40px !important;}&#8220;] Impressum Angaben gem\u00e4\u00df \u00a7 5 TMG: FISW Forschungs- und Ingenieurgesellschaft f\u00fcr Steuerungstechnik GmbH (FISW GmbH) Vertretungsberechtigter Gesch\u00e4ftsf\u00fchrer Dipl.-Ing. Michael Seyfarth Kriegsbergstr. 34, 70174 Stuttgart Telefon: +49 (0)711 \/ 22992 64 E-Mail: webmaster@fisw.de Umsatzsteuer-Identifikationsnummer gem\u00e4\u00df \u00a727 a Umsatzsteuergesetz: DE147857128 Handelsregistereintrag: Registernummer: HRB 9691 &hellip;\" \/>\n<meta property=\"og:url\" content=\"https:\/\/www.isw-sites.de\/sdm4fzi-kt-anmeldung\/impressum\/\" \/>\n<meta property=\"og:site_name\" content=\"SDM4FZI Anmeldung zum Konsortialtreffen 22.+23.02.2024\" \/>\n<meta property=\"article:publisher\" content=\"https:\/\/www.facebook.com\/iswunistuttgart\" \/>\n<meta property=\"article:modified_time\" content=\"2023-12-22T10:08:27+00:00\" \/>\n<meta name=\"twitter:card\" content=\"summary_large_image\" \/>\n<meta name=\"twitter:label1\" content=\"Gesch\u00e4tzte Lesezeit\" \/>\n\t<meta name=\"twitter:data1\" content=\"2\u00a0Minuten\" \/>\n<script type=\"application\/ld+json\" class=\"yoast-schema-graph\">{\"@context\":\"https:\/\/schema.org\",\"@graph\":[{\"@type\":\"WebPage\",\"@id\":\"https:\/\/www.isw-sites.de\/sdm4fzi-kt-anmeldung\/impressum\/\",\"url\":\"https:\/\/www.isw-sites.de\/sdm4fzi-kt-anmeldung\/impressum\/\",\"name\":\"Impressum - SDM4FZI Anmeldung zum Konsortialtreffen 22.+23.02.2024\",\"isPartOf\":{\"@id\":\"https:\/\/www.isw-sites.de\/sdm4fzi-kt-anmeldung\/#website\"},\"primaryImageOfPage\":{\"@id\":\"https:\/\/www.isw-sites.de\/sdm4fzi-kt-anmeldung\/impressum\/#primaryimage\"},\"image\":{\"@id\":\"https:\/\/www.isw-sites.de\/sdm4fzi-kt-anmeldung\/impressum\/#primaryimage\"},\"thumbnailUrl\":\"\",\"datePublished\":\"2017-12-05T11:27:36+00:00\",\"dateModified\":\"2023-12-22T10:08:27+00:00\",\"breadcrumb\":{\"@id\":\"https:\/\/www.isw-sites.de\/sdm4fzi-kt-anmeldung\/impressum\/#breadcrumb\"},\"inLanguage\":\"de\",\"potentialAction\":[{\"@type\":\"ReadAction\",\"target\":[\"https:\/\/www.isw-sites.de\/sdm4fzi-kt-anmeldung\/impressum\/\"]}]},{\"@type\":\"ImageObject\",\"inLanguage\":\"de\",\"@id\":\"https:\/\/www.isw-sites.de\/sdm4fzi-kt-anmeldung\/impressum\/#primaryimage\",\"url\":\"\",\"contentUrl\":\"\"},{\"@type\":\"BreadcrumbList\",\"@id\":\"https:\/\/www.isw-sites.de\/sdm4fzi-kt-anmeldung\/impressum\/#breadcrumb\",\"itemListElement\":[{\"@type\":\"ListItem\",\"position\":1,\"name\":\"Startseite\",\"item\":\"https:\/\/www.isw-sites.de\/sdm4fzi-kt-anmeldung\/\"},{\"@type\":\"ListItem\",\"position\":2,\"name\":\"Impressum\"}]},{\"@type\":\"WebSite\",\"@id\":\"https:\/\/www.isw-sites.de\/sdm4fzi-kt-anmeldung\/#website\",\"url\":\"https:\/\/www.isw-sites.de\/sdm4fzi-kt-anmeldung\/\",\"name\":\"Lageregelseminar\",\"description\":\"\",\"publisher\":{\"@id\":\"https:\/\/www.isw-sites.de\/sdm4fzi-kt-anmeldung\/#organization\"},\"potentialAction\":[{\"@type\":\"SearchAction\",\"target\":{\"@type\":\"EntryPoint\",\"urlTemplate\":\"https:\/\/www.isw-sites.de\/sdm4fzi-kt-anmeldung\/?s={search_term_string}\"},\"query-input\":{\"@type\":\"PropertyValueSpecification\",\"valueRequired\":true,\"valueName\":\"search_term_string\"}}],\"inLanguage\":\"de\"},{\"@type\":\"Organization\",\"@id\":\"https:\/\/www.isw-sites.de\/sdm4fzi-kt-anmeldung\/#organization\",\"name\":\"ISW Universit\u00e4t Stuttgart\",\"url\":\"https:\/\/www.isw-sites.de\/sdm4fzi-kt-anmeldung\/\",\"logo\":{\"@type\":\"ImageObject\",\"inLanguage\":\"de\",\"@id\":\"https:\/\/www.isw-sites.de\/sdm4fzi-kt-anmeldung\/#\/schema\/logo\/image\/\",\"url\":\"https:\/\/www.isw-sites.de\/sdm4fzi-kt-anmeldung\/wp-content\/uploads\/sites\/25\/2019\/09\/isw_logo.png\",\"contentUrl\":\"https:\/\/www.isw-sites.de\/sdm4fzi-kt-anmeldung\/wp-content\/uploads\/sites\/25\/2019\/09\/isw_logo.png\",\"width\":734,\"height\":734,\"caption\":\"ISW Universit\u00e4t Stuttgart\"},\"image\":{\"@id\":\"https:\/\/www.isw-sites.de\/sdm4fzi-kt-anmeldung\/#\/schema\/logo\/image\/\"},\"sameAs\":[\"https:\/\/www.facebook.com\/iswunistuttgart\",\"https:\/\/www.youtube.com\/user\/IswUniStuttgart\"]}]}<\/script>\n<!-- \/ Yoast SEO plugin. -->","yoast_head_json":{"title":"Impressum - SDM4FZI Anmeldung zum Konsortialtreffen 22.+23.02.2024","robots":{"index":"index","follow":"follow","max-snippet":"max-snippet:-1","max-image-preview":"max-image-preview:large","max-video-preview":"max-video-preview:-1"},"canonical":"https:\/\/www.isw-sites.de\/sdm4fzi-kt-anmeldung\/impressum\/","og_locale":"de_DE","og_type":"article","og_title":"Impressum - SDM4FZI Anmeldung zum Konsortialtreffen 22.+23.02.2024","og_description":"[vc_row][vc_column offset=&#8220;vc_hidden-lg vc_hidden-md&#8220;][vc_empty_space height=&#8220;50px&#8220;][\/vc_column][\/vc_row][vc_row][vc_column css=&#8220;.vc_custom_1519904242668{padding-right: 25px !important;}&#8220; offset=&#8220;vc_col-lg-8 vc_col-md-12 vc_col-xs-12&#8243;][vc_column_text css=&#8220;.vc_custom_1669364644582{margin-top: 40px !important;}&#8220;] Impressum Angaben gem\u00e4\u00df \u00a7 5 TMG: FISW Forschungs- und Ingenieurgesellschaft f\u00fcr Steuerungstechnik GmbH (FISW GmbH) Vertretungsberechtigter Gesch\u00e4ftsf\u00fchrer Dipl.-Ing. Michael Seyfarth Kriegsbergstr. 34, 70174 Stuttgart Telefon: +49 (0)711 \/ 22992 64 E-Mail: webmaster@fisw.de Umsatzsteuer-Identifikationsnummer gem\u00e4\u00df \u00a727 a Umsatzsteuergesetz: DE147857128 Handelsregistereintrag: Registernummer: HRB 9691 &hellip;","og_url":"https:\/\/www.isw-sites.de\/sdm4fzi-kt-anmeldung\/impressum\/","og_site_name":"SDM4FZI Anmeldung zum Konsortialtreffen 22.+23.02.2024","article_publisher":"https:\/\/www.facebook.com\/iswunistuttgart","article_modified_time":"2023-12-22T10:08:27+00:00","twitter_card":"summary_large_image","twitter_misc":{"Gesch\u00e4tzte Lesezeit":"2\u00a0Minuten"},"schema":{"@context":"https:\/\/schema.org","@graph":[{"@type":"WebPage","@id":"https:\/\/www.isw-sites.de\/sdm4fzi-kt-anmeldung\/impressum\/","url":"https:\/\/www.isw-sites.de\/sdm4fzi-kt-anmeldung\/impressum\/","name":"Impressum - SDM4FZI Anmeldung zum Konsortialtreffen 22.+23.02.2024","isPartOf":{"@id":"https:\/\/www.isw-sites.de\/sdm4fzi-kt-anmeldung\/#website"},"primaryImageOfPage":{"@id":"https:\/\/www.isw-sites.de\/sdm4fzi-kt-anmeldung\/impressum\/#primaryimage"},"image":{"@id":"https:\/\/www.isw-sites.de\/sdm4fzi-kt-anmeldung\/impressum\/#primaryimage"},"thumbnailUrl":"","datePublished":"2017-12-05T11:27:36+00:00","dateModified":"2023-12-22T10:08:27+00:00","breadcrumb":{"@id":"https:\/\/www.isw-sites.de\/sdm4fzi-kt-anmeldung\/impressum\/#breadcrumb"},"inLanguage":"de","potentialAction":[{"@type":"ReadAction","target":["https:\/\/www.isw-sites.de\/sdm4fzi-kt-anmeldung\/impressum\/"]}]},{"@type":"ImageObject","inLanguage":"de","@id":"https:\/\/www.isw-sites.de\/sdm4fzi-kt-anmeldung\/impressum\/#primaryimage","url":"","contentUrl":""},{"@type":"BreadcrumbList","@id":"https:\/\/www.isw-sites.de\/sdm4fzi-kt-anmeldung\/impressum\/#breadcrumb","itemListElement":[{"@type":"ListItem","position":1,"name":"Startseite","item":"https:\/\/www.isw-sites.de\/sdm4fzi-kt-anmeldung\/"},{"@type":"ListItem","position":2,"name":"Impressum"}]},{"@type":"WebSite","@id":"https:\/\/www.isw-sites.de\/sdm4fzi-kt-anmeldung\/#website","url":"https:\/\/www.isw-sites.de\/sdm4fzi-kt-anmeldung\/","name":"Lageregelseminar","description":"","publisher":{"@id":"https:\/\/www.isw-sites.de\/sdm4fzi-kt-anmeldung\/#organization"},"potentialAction":[{"@type":"SearchAction","target":{"@type":"EntryPoint","urlTemplate":"https:\/\/www.isw-sites.de\/sdm4fzi-kt-anmeldung\/?s={search_term_string}"},"query-input":{"@type":"PropertyValueSpecification","valueRequired":true,"valueName":"search_term_string"}}],"inLanguage":"de"},{"@type":"Organization","@id":"https:\/\/www.isw-sites.de\/sdm4fzi-kt-anmeldung\/#organization","name":"ISW Universit\u00e4t Stuttgart","url":"https:\/\/www.isw-sites.de\/sdm4fzi-kt-anmeldung\/","logo":{"@type":"ImageObject","inLanguage":"de","@id":"https:\/\/www.isw-sites.de\/sdm4fzi-kt-anmeldung\/#\/schema\/logo\/image\/","url":"https:\/\/www.isw-sites.de\/sdm4fzi-kt-anmeldung\/wp-content\/uploads\/sites\/25\/2019\/09\/isw_logo.png","contentUrl":"https:\/\/www.isw-sites.de\/sdm4fzi-kt-anmeldung\/wp-content\/uploads\/sites\/25\/2019\/09\/isw_logo.png","width":734,"height":734,"caption":"ISW Universit\u00e4t Stuttgart"},"image":{"@id":"https:\/\/www.isw-sites.de\/sdm4fzi-kt-anmeldung\/#\/schema\/logo\/image\/"},"sameAs":["https:\/\/www.facebook.com\/iswunistuttgart","https:\/\/www.youtube.com\/user\/IswUniStuttgart"]}]}},"_links":{"self":[{"href":"https:\/\/www.isw-sites.de\/sdm4fzi-kt-anmeldung\/wp-json\/wp\/v2\/pages\/6964","targetHints":{"allow":["GET"]}}],"collection":[{"href":"https:\/\/www.isw-sites.de\/sdm4fzi-kt-anmeldung\/wp-json\/wp\/v2\/pages"}],"about":[{"href":"https:\/\/www.isw-sites.de\/sdm4fzi-kt-anmeldung\/wp-json\/wp\/v2\/types\/page"}],"author":[{"embeddable":true,"href":"https:\/\/www.isw-sites.de\/sdm4fzi-kt-anmeldung\/wp-json\/wp\/v2\/users\/14"}],"replies":[{"embeddable":true,"href":"https:\/\/www.isw-sites.de\/sdm4fzi-kt-anmeldung\/wp-json\/wp\/v2\/comments?post=6964"}],"version-history":[{"count":14,"href":"https:\/\/www.isw-sites.de\/sdm4fzi-kt-anmeldung\/wp-json\/wp\/v2\/pages\/6964\/revisions"}],"predecessor-version":[{"id":7573,"href":"https:\/\/www.isw-sites.de\/sdm4fzi-kt-anmeldung\/wp-json\/wp\/v2\/pages\/6964\/revisions\/7573"}],"wp:featuredmedia":[{"embeddable":true,"href":"https:\/\/www.isw-sites.de\/sdm4fzi-kt-anmeldung\/wp-json\/"}],"wp:attachment":[{"href":"https:\/\/www.isw-sites.de\/sdm4fzi-kt-anmeldung\/wp-json\/wp\/v2\/media?parent=6964"}],"curies":[{"name":"wp","href":"https:\/\/api.w.org\/{rel}","templated":true}]}}