{"id":6965,"date":"2017-12-08T09:54:54","date_gmt":"2017-12-08T09:54:54","guid":{"rendered":"https:\/\/keydesign-themes.com\/leadengine\/?page_id=3677"},"modified":"2023-05-05T09:33:16","modified_gmt":"2023-05-05T07:33:16","slug":"datenschutz","status":"publish","type":"page","link":"https:\/\/www.isw-sites.de\/sdm4fzi-kt-anmeldung\/datenschutz\/","title":{"rendered":"Datenschutzerkl\u00e4rung"},"content":{"rendered":"<div class=\"wpb-content-wrapper\"><p>[vc_row][vc_column css=&#8220;.vc_custom_1519744878939{padding-right: 25px !important;}&#8220; offset=&#8220;vc_col-lg-8 vc_col-md-12 vc_col-xs-12&#8243;][vc_row_inner][vc_column_inner offset=&#8220;vc_hidden-lg&#8220;][\/vc_column_inner][\/vc_row_inner][vc_column_text css=&#8220;.vc_custom_1683271975926{margin-top: 40px !important;}&#8220;]<\/p>\n<h2>Datenschutzhinweise<\/h2>\n<p>Die Betreiber dieser Seiten nehmen den Schutz Ihrer pers\u00f6nlichen Daten sehr ernst. Wir behandeln Ihre personenbezogenen Daten vertraulich und entsprechend der gesetzlichen Datenschutzvorschriften sowie dieser Datenschutzerkl\u00e4rung.<\/p>\n<p>Die Nutzung unserer Webseite ist in der Regel ohne Angabe personenbezogener Daten m\u00f6glich. Soweit auf unseren Seiten personenbezogene Daten (beispielsweise Name, Anschrift oder E-Mail-Adressen) erhoben werden, erfolgt dies, soweit m\u00f6glich, stets auf freiwilliger Basis. Diese Daten werden ohne Ihre ausdr\u00fcckliche Zustimmung nicht an Dritte weitergegeben.<\/p>\n<p>Wir weisen darauf hin, dass die Daten\u00fcbertragung im Internet (z. B. bei der Kommunikation per E-Mail) Sicherheitsl\u00fccken aufweisen kann. Ein l\u00fcckenloser Schutz der Daten vor dem Zugriff durch Dritte ist nicht m\u00f6glich.<\/p>\n<p>Nach Art. 13 der Datenschutzgrundverordnung (DS-GVO) sind wir verpflichtet, Sie umfassend \u00fcber den Umgang mit Ihren Daten und \u00fcber Ihre Rechte zu informieren. Die nachfolgende Erkl\u00e4rung gibt Ihnen einen \u00dcberblick dar\u00fcber, wie wir den Schutz Ihrer pers\u00f6nlichen Daten sowie unsere Informationspflichten hinsichtlich der Erhebung personenbezogener Daten Ihnen gegen\u00fcber gew\u00e4hrleisten.<\/p>\n<p>Anbieter und verantwortliche Stelle im Sinne des Datenschutzgesetzes:<\/p>\n<p>FISW Forschungs- und Ingenieurgesellschaft f\u00fcr Steuerungstechnik GmbH (FISW GmbH)<br \/>\nKriegsbergstr. 34<br \/>\n70174 Stuttgart<\/p>\n<p>Datenschutzbeauftragter (Auskunft und Kontakt):<\/p>\n<p>FISW Forschungs- und Ingenieurgesellschaft f\u00fcr Steuerungstechnik GmbH<br \/>\nKriegsbergstr. 34<br \/>\n70174 Stuttgart<br \/>\nE-Mail:\u00a0<a href=\"mailto:datenschutz@fisw.de\">datenschutz@fisw.de<\/a><\/p>\n<h3>Ihre Rechte auf Auskunft, Berichtigung, L\u00f6schung und Widerspruch<\/h3>\n<p>Sie haben nach Art. 15 DS-GVO das Recht auf schriftlichen Antrag unentgeltliche Auskunft \u00fcber die \u00fcber Sie bei uns gespeicherten personenbezogenen Daten zu erhalten und ggf. deren Berichtigung (Art. 16 DS-GVO) oder L\u00f6schung (Art. 17 DS-GVO) zu verlangen. Eine L\u00f6schung scheidet jedoch aus, wenn es sich um eine Datenspeicherung zur Gesch\u00e4ftsabwicklung handelt oder gesetzliche Aufbewahrungsfristen bestehen. Sie haben nach Art. 21 DS-GVO das Recht der Datenverarbeitung zu widersprechen. Ihren Widerspruch k\u00f6nnen Sie jederzeit durch eine formlose Mitteilung an <a href=\"mailto:datenschutz@fisw.de\">datenschutz@fisw.de<\/a> richten.<\/p>\n<h3>Cookies<\/h3>\n<p>Diese Website verwendet sogenannte Cookies. Cookies sind Textdateien, die vom Server aus auf Ihrem Rechner gespeichert werden. Sie enthalten Informationen zum Browser, zur IP-Adresse, dem Betriebssystem und zur Internetverbindung. Diese Daten werden von uns nicht an Dritte weitergegeben oder ohne Ihre Zustimmung mit personenbezogenen Daten verkn\u00fcpft. Cookies erf\u00fcllen vor allem die Aufgabe, Ihnen die Navigation durch unser Angebot zu erleichtern, dar\u00fcber hinaus erm\u00f6glichen sie die korrekte Darstellung der Webseite. Cookies werden nicht dazu genutzt, Viren einzuschleusen oder Programme zu starten. Die meisten der von uns verwendeten Cookies sind so genannte \u201eSession-Cookies\u201c. Sie werden nach Ende Ihres Besuchs automatisch gel\u00f6scht. Andere Cookies bleiben auf Ihrem Endger\u00e4t gespeichert, bis Sie diese l\u00f6schen. Diese Cookies erm\u00f6glichen es uns, Ihren Browser beim n\u00e4chsten Besuch wiederzuerkennen. Nutzer haben die M\u00f6glichkeit, Ihren Browser so einzustellen, dass Sie unser Angebot auch ohne Cookies aufrufen k\u00f6nnen. Bei der Deaktivierung von Cookies k\u00f6nnen einige Funktionen dieser Website m\u00f6glicherweise beeintr\u00e4chtigt werden.<\/p>\n<h3>Server-Log-Files<\/h3>\n<p>Mit jedem Zugriff auf dieses Angebot werden durch uns bzw. den Provider der Seite automatisch Informationen erfasst, die als Server-Logfiles bezeichnet werden. Sie enthalten Informationen allgemeiner Natur und erlauben keine R\u00fcckschl\u00fcsse auf Ihre Person. Dies sind: Browsertyp \/ Browserversion, verwendetes Betriebssystem, Referrer URL, Hostname des zugreifenden Rechners, Uhrzeit der Serveranfrage.<\/p>\n<p>Eine Zusammenf\u00fchrung dieser Daten mit anderen Datenquellen wird nicht vorgenommen. Wir behalten uns zudem das Recht vor, die Log-Files nachtr\u00e4glich zu pr\u00fcfen, wenn uns konkrete Anhaltspunkte f\u00fcr eine rechtswidrige Nutzung vorliegen.<\/p>\n<h3>Kontaktaufnahme<\/h3>\n<p>Sofern Sie mit einer formlosen E-Mail mit uns Kontakt aufnehmen, willigen Sie in die elektronische Speicherung Ihrer Daten zum Zwecke der Beantwortung und Dokumentation Ihrer Anfrage ein. Ihre Daten werden selbstverst\u00e4ndlich vertraulich behandelt, nur f\u00fcr diese Zwecke genutzt und nicht ohne Ihre Einwilligung an Dritte weitergegeben.<\/p>\n<h3>Widerspruch gegen die Zusendung unverlangter Werbung an uns<\/h3>\n<p>Wir widersprechen hiermit ausdr\u00fccklich jeglicher Nutzung unserer im Rahmen der Impressumspflicht ver\u00f6ffentlichten Kontaktdaten durch Dritte zum Zwecke der Zusendung unverlangter Werbe- und Informationsmaterialien.<\/p>\n<p>Die Betreiber behalten sich rechtliche Schritte gegen die Absender unverlangt zugesandter Spam-Mails oder anderer Werbesendungen vor.<\/p>\n<h3>SSL-Verschl\u00fcsselung<\/h3>\n<p>Wir verwenden auf dieser Seite aus Gr\u00fcnden der Sicherheit und zum Schutz der \u00dcbertragung vertraulicher Inhalte, wie zum Beispiel der Anfragen, die Sie an uns als Seitenbetreiber stellen, eine SSL-Verschl\u00fcsselung. Eine verschl\u00fcsselte Verbindung erkennen Sie daran, dass die Adresszeile des Browsers von \u201chttp:\/\/\u201d auf \u201chttps:\/\/\u201d wechselt sowie an dem geschlossenen Schl\u00fcssel- bzw. Schloss-Symbol in Ihrer Browserzeile. Wenn die SSL-Verschl\u00fcsselung aktiviert ist, k\u00f6nnen die Daten, die Sie an uns \u00fcbermitteln, nicht von Dritten mitgelesen werden.<\/p>\n<h3>Aktualit\u00e4t und \u00c4nderungen dieser Datenschutzerkl\u00e4rung<\/h3>\n<p>Die Datenschutzerkl\u00e4rung ist aktuell g\u00fcltig und hat den Stand August 2020.<\/p>\n<p>Wir behalten uns das Recht vor, unsere Datenschutz- und Sicherheitsma\u00dfnahmen zu ver\u00e4ndern, sofern dies aufgrund von gesetzlichen Anforderungen oder ge\u00e4nderter beh\u00f6rdlicher Vorgaben oder der technischen Entwicklung erforderlich wird. In diesen F\u00e4llen werden wir auch unsere Hinweise zum Datenschutz entsprechend anpassen. Die jeweils aktuelle Datenschutzerkl\u00e4rung kann jederzeit auf dieser Website von Ihnen abgerufen werden.[\/vc_column_text][\/vc_column][\/vc_row]<\/p>\n<\/div>","protected":false},"excerpt":{"rendered":"<p>[vc_row][vc_column css=&#8220;.vc_custom_1519744878939{padding-right: 25px !important;}&#8220; offset=&#8220;vc_col-lg-8 vc_col-md-12 vc_col-xs-12&#8243;][vc_row_inner][vc_column_inner offset=&#8220;vc_hidden-lg&#8220;][\/vc_column_inner][\/vc_row_inner][vc_column_text css=&#8220;.vc_custom_1683271975926{margin-top: 40px !important;}&#8220;] Datenschutzhinweise Die Betreiber dieser Seiten nehmen den Schutz Ihrer pers\u00f6nlichen Daten sehr ernst. Wir behandeln Ihre personenbezogenen Daten vertraulich und entsprechend der gesetzlichen Datenschutzvorschriften sowie dieser Datenschutzerkl\u00e4rung. Die Nutzung unserer Webseite ist in der Regel ohne Angabe personenbezogener Daten m\u00f6glich. Soweit auf unseren Seiten &hellip;<\/p>\n","protected":false},"author":14,"featured_media":0,"parent":0,"menu_order":0,"comment_status":"closed","ping_status":"closed","template":"","meta":{"kk_blocks_editor_width":"","_kiokenblocks_attr":"","_kiokenblocks_dimensions":"","footnotes":""},"class_list":["post-6965","page","type-page","status-publish","hentry"],"yoast_head":"<!-- This site is optimized with the Yoast SEO plugin v24.5 - https:\/\/yoast.com\/wordpress\/plugins\/seo\/ -->\n<title>Datenschutzerkl\u00e4rung - SDM4FZI Anmeldung zum Konsortialtreffen 22.+23.02.2024<\/title>\n<meta name=\"robots\" content=\"index, follow, max-snippet:-1, max-image-preview:large, max-video-preview:-1\" \/>\n<link rel=\"canonical\" href=\"https:\/\/www.isw-sites.de\/sdm4fzi-kt-anmeldung\/datenschutz\/\" \/>\n<meta property=\"og:locale\" content=\"de_DE\" \/>\n<meta property=\"og:type\" content=\"article\" \/>\n<meta property=\"og:title\" content=\"Datenschutzerkl\u00e4rung - SDM4FZI Anmeldung zum Konsortialtreffen 22.+23.02.2024\" \/>\n<meta property=\"og:description\" content=\"[vc_row][vc_column css=&#8220;.vc_custom_1519744878939{padding-right: 25px !important;}&#8220; offset=&#8220;vc_col-lg-8 vc_col-md-12 vc_col-xs-12&#8243;][vc_row_inner][vc_column_inner offset=&#8220;vc_hidden-lg&#8220;][\/vc_column_inner][\/vc_row_inner][vc_column_text css=&#8220;.vc_custom_1683271975926{margin-top: 40px !important;}&#8220;] Datenschutzhinweise Die Betreiber dieser Seiten nehmen den Schutz Ihrer pers\u00f6nlichen Daten sehr ernst. Wir behandeln Ihre personenbezogenen Daten vertraulich und entsprechend der gesetzlichen Datenschutzvorschriften sowie dieser Datenschutzerkl\u00e4rung. Die Nutzung unserer Webseite ist in der Regel ohne Angabe personenbezogener Daten m\u00f6glich. Soweit auf unseren Seiten &hellip;\" \/>\n<meta property=\"og:url\" content=\"https:\/\/www.isw-sites.de\/sdm4fzi-kt-anmeldung\/datenschutz\/\" \/>\n<meta property=\"og:site_name\" content=\"SDM4FZI Anmeldung zum Konsortialtreffen 22.+23.02.2024\" \/>\n<meta property=\"article:publisher\" content=\"https:\/\/www.facebook.com\/iswunistuttgart\" \/>\n<meta property=\"article:modified_time\" content=\"2023-05-05T07:33:16+00:00\" \/>\n<meta name=\"twitter:card\" content=\"summary_large_image\" \/>\n<meta name=\"twitter:label1\" content=\"Gesch\u00e4tzte Lesezeit\" \/>\n\t<meta name=\"twitter:data1\" content=\"5\u00a0Minuten\" \/>\n<script type=\"application\/ld+json\" class=\"yoast-schema-graph\">{\"@context\":\"https:\/\/schema.org\",\"@graph\":[{\"@type\":\"WebPage\",\"@id\":\"https:\/\/www.isw-sites.de\/sdm4fzi-kt-anmeldung\/datenschutz\/\",\"url\":\"https:\/\/www.isw-sites.de\/sdm4fzi-kt-anmeldung\/datenschutz\/\",\"name\":\"Datenschutzerkl\u00e4rung - SDM4FZI Anmeldung zum Konsortialtreffen 22.+23.02.2024\",\"isPartOf\":{\"@id\":\"https:\/\/www.isw-sites.de\/sdm4fzi-kt-anmeldung\/#website\"},\"datePublished\":\"2017-12-08T09:54:54+00:00\",\"dateModified\":\"2023-05-05T07:33:16+00:00\",\"breadcrumb\":{\"@id\":\"https:\/\/www.isw-sites.de\/sdm4fzi-kt-anmeldung\/datenschutz\/#breadcrumb\"},\"inLanguage\":\"de\",\"potentialAction\":[{\"@type\":\"ReadAction\",\"target\":[\"https:\/\/www.isw-sites.de\/sdm4fzi-kt-anmeldung\/datenschutz\/\"]}]},{\"@type\":\"BreadcrumbList\",\"@id\":\"https:\/\/www.isw-sites.de\/sdm4fzi-kt-anmeldung\/datenschutz\/#breadcrumb\",\"itemListElement\":[{\"@type\":\"ListItem\",\"position\":1,\"name\":\"Startseite\",\"item\":\"https:\/\/www.isw-sites.de\/sdm4fzi-kt-anmeldung\/\"},{\"@type\":\"ListItem\",\"position\":2,\"name\":\"Datenschutzerkl\u00e4rung\"}]},{\"@type\":\"WebSite\",\"@id\":\"https:\/\/www.isw-sites.de\/sdm4fzi-kt-anmeldung\/#website\",\"url\":\"https:\/\/www.isw-sites.de\/sdm4fzi-kt-anmeldung\/\",\"name\":\"Lageregelseminar\",\"description\":\"\",\"publisher\":{\"@id\":\"https:\/\/www.isw-sites.de\/sdm4fzi-kt-anmeldung\/#organization\"},\"potentialAction\":[{\"@type\":\"SearchAction\",\"target\":{\"@type\":\"EntryPoint\",\"urlTemplate\":\"https:\/\/www.isw-sites.de\/sdm4fzi-kt-anmeldung\/?s={search_term_string}\"},\"query-input\":{\"@type\":\"PropertyValueSpecification\",\"valueRequired\":true,\"valueName\":\"search_term_string\"}}],\"inLanguage\":\"de\"},{\"@type\":\"Organization\",\"@id\":\"https:\/\/www.isw-sites.de\/sdm4fzi-kt-anmeldung\/#organization\",\"name\":\"ISW Universit\u00e4t Stuttgart\",\"url\":\"https:\/\/www.isw-sites.de\/sdm4fzi-kt-anmeldung\/\",\"logo\":{\"@type\":\"ImageObject\",\"inLanguage\":\"de\",\"@id\":\"https:\/\/www.isw-sites.de\/sdm4fzi-kt-anmeldung\/#\/schema\/logo\/image\/\",\"url\":\"https:\/\/www.isw-sites.de\/sdm4fzi-kt-anmeldung\/wp-content\/uploads\/sites\/25\/2019\/09\/isw_logo.png\",\"contentUrl\":\"https:\/\/www.isw-sites.de\/sdm4fzi-kt-anmeldung\/wp-content\/uploads\/sites\/25\/2019\/09\/isw_logo.png\",\"width\":734,\"height\":734,\"caption\":\"ISW Universit\u00e4t Stuttgart\"},\"image\":{\"@id\":\"https:\/\/www.isw-sites.de\/sdm4fzi-kt-anmeldung\/#\/schema\/logo\/image\/\"},\"sameAs\":[\"https:\/\/www.facebook.com\/iswunistuttgart\",\"https:\/\/www.youtube.com\/user\/IswUniStuttgart\"]}]}<\/script>\n<!-- \/ Yoast SEO plugin. -->","yoast_head_json":{"title":"Datenschutzerkl\u00e4rung - SDM4FZI Anmeldung zum Konsortialtreffen 22.+23.02.2024","robots":{"index":"index","follow":"follow","max-snippet":"max-snippet:-1","max-image-preview":"max-image-preview:large","max-video-preview":"max-video-preview:-1"},"canonical":"https:\/\/www.isw-sites.de\/sdm4fzi-kt-anmeldung\/datenschutz\/","og_locale":"de_DE","og_type":"article","og_title":"Datenschutzerkl\u00e4rung - SDM4FZI Anmeldung zum Konsortialtreffen 22.+23.02.2024","og_description":"[vc_row][vc_column css=&#8220;.vc_custom_1519744878939{padding-right: 25px !important;}&#8220; offset=&#8220;vc_col-lg-8 vc_col-md-12 vc_col-xs-12&#8243;][vc_row_inner][vc_column_inner offset=&#8220;vc_hidden-lg&#8220;][\/vc_column_inner][\/vc_row_inner][vc_column_text css=&#8220;.vc_custom_1683271975926{margin-top: 40px !important;}&#8220;] Datenschutzhinweise Die Betreiber dieser Seiten nehmen den Schutz Ihrer pers\u00f6nlichen Daten sehr ernst. Wir behandeln Ihre personenbezogenen Daten vertraulich und entsprechend der gesetzlichen Datenschutzvorschriften sowie dieser Datenschutzerkl\u00e4rung. Die Nutzung unserer Webseite ist in der Regel ohne Angabe personenbezogener Daten m\u00f6glich. Soweit auf unseren Seiten &hellip;","og_url":"https:\/\/www.isw-sites.de\/sdm4fzi-kt-anmeldung\/datenschutz\/","og_site_name":"SDM4FZI Anmeldung zum Konsortialtreffen 22.+23.02.2024","article_publisher":"https:\/\/www.facebook.com\/iswunistuttgart","article_modified_time":"2023-05-05T07:33:16+00:00","twitter_card":"summary_large_image","twitter_misc":{"Gesch\u00e4tzte Lesezeit":"5\u00a0Minuten"},"schema":{"@context":"https:\/\/schema.org","@graph":[{"@type":"WebPage","@id":"https:\/\/www.isw-sites.de\/sdm4fzi-kt-anmeldung\/datenschutz\/","url":"https:\/\/www.isw-sites.de\/sdm4fzi-kt-anmeldung\/datenschutz\/","name":"Datenschutzerkl\u00e4rung - SDM4FZI Anmeldung zum Konsortialtreffen 22.+23.02.2024","isPartOf":{"@id":"https:\/\/www.isw-sites.de\/sdm4fzi-kt-anmeldung\/#website"},"datePublished":"2017-12-08T09:54:54+00:00","dateModified":"2023-05-05T07:33:16+00:00","breadcrumb":{"@id":"https:\/\/www.isw-sites.de\/sdm4fzi-kt-anmeldung\/datenschutz\/#breadcrumb"},"inLanguage":"de","potentialAction":[{"@type":"ReadAction","target":["https:\/\/www.isw-sites.de\/sdm4fzi-kt-anmeldung\/datenschutz\/"]}]},{"@type":"BreadcrumbList","@id":"https:\/\/www.isw-sites.de\/sdm4fzi-kt-anmeldung\/datenschutz\/#breadcrumb","itemListElement":[{"@type":"ListItem","position":1,"name":"Startseite","item":"https:\/\/www.isw-sites.de\/sdm4fzi-kt-anmeldung\/"},{"@type":"ListItem","position":2,"name":"Datenschutzerkl\u00e4rung"}]},{"@type":"WebSite","@id":"https:\/\/www.isw-sites.de\/sdm4fzi-kt-anmeldung\/#website","url":"https:\/\/www.isw-sites.de\/sdm4fzi-kt-anmeldung\/","name":"Lageregelseminar","description":"","publisher":{"@id":"https:\/\/www.isw-sites.de\/sdm4fzi-kt-anmeldung\/#organization"},"potentialAction":[{"@type":"SearchAction","target":{"@type":"EntryPoint","urlTemplate":"https:\/\/www.isw-sites.de\/sdm4fzi-kt-anmeldung\/?s={search_term_string}"},"query-input":{"@type":"PropertyValueSpecification","valueRequired":true,"valueName":"search_term_string"}}],"inLanguage":"de"},{"@type":"Organization","@id":"https:\/\/www.isw-sites.de\/sdm4fzi-kt-anmeldung\/#organization","name":"ISW Universit\u00e4t Stuttgart","url":"https:\/\/www.isw-sites.de\/sdm4fzi-kt-anmeldung\/","logo":{"@type":"ImageObject","inLanguage":"de","@id":"https:\/\/www.isw-sites.de\/sdm4fzi-kt-anmeldung\/#\/schema\/logo\/image\/","url":"https:\/\/www.isw-sites.de\/sdm4fzi-kt-anmeldung\/wp-content\/uploads\/sites\/25\/2019\/09\/isw_logo.png","contentUrl":"https:\/\/www.isw-sites.de\/sdm4fzi-kt-anmeldung\/wp-content\/uploads\/sites\/25\/2019\/09\/isw_logo.png","width":734,"height":734,"caption":"ISW Universit\u00e4t Stuttgart"},"image":{"@id":"https:\/\/www.isw-sites.de\/sdm4fzi-kt-anmeldung\/#\/schema\/logo\/image\/"},"sameAs":["https:\/\/www.facebook.com\/iswunistuttgart","https:\/\/www.youtube.com\/user\/IswUniStuttgart"]}]}},"_links":{"self":[{"href":"https:\/\/www.isw-sites.de\/sdm4fzi-kt-anmeldung\/wp-json\/wp\/v2\/pages\/6965","targetHints":{"allow":["GET"]}}],"collection":[{"href":"https:\/\/www.isw-sites.de\/sdm4fzi-kt-anmeldung\/wp-json\/wp\/v2\/pages"}],"about":[{"href":"https:\/\/www.isw-sites.de\/sdm4fzi-kt-anmeldung\/wp-json\/wp\/v2\/types\/page"}],"author":[{"embeddable":true,"href":"https:\/\/www.isw-sites.de\/sdm4fzi-kt-anmeldung\/wp-json\/wp\/v2\/users\/14"}],"replies":[{"embeddable":true,"href":"https:\/\/www.isw-sites.de\/sdm4fzi-kt-anmeldung\/wp-json\/wp\/v2\/comments?post=6965"}],"version-history":[{"count":19,"href":"https:\/\/www.isw-sites.de\/sdm4fzi-kt-anmeldung\/wp-json\/wp\/v2\/pages\/6965\/revisions"}],"predecessor-version":[{"id":7461,"href":"https:\/\/www.isw-sites.de\/sdm4fzi-kt-anmeldung\/wp-json\/wp\/v2\/pages\/6965\/revisions\/7461"}],"wp:attachment":[{"href":"https:\/\/www.isw-sites.de\/sdm4fzi-kt-anmeldung\/wp-json\/wp\/v2\/media?parent=6965"}],"curies":[{"name":"wp","href":"https:\/\/api.w.org\/{rel}","templated":true}]}}